{"id":32,"date":"2020-04-13T11:18:50","date_gmt":"2020-04-13T09:18:50","guid":{"rendered":"http:\/\/red-tech.fr\/index.php\/services\/"},"modified":"2021-03-16T21:37:46","modified_gmt":"2021-03-16T20:37:46","slug":"services","status":"publish","type":"page","link":"https:\/\/red-tech.fr\/index.php\/services\/","title":{"rendered":"Services"},"content":{"rendered":"\t\t<div data-elementor-type=\"wp-page\" data-elementor-id=\"32\" class=\"elementor elementor-32\">\n\t\t\t\t\t\t\t\t\t<section class=\"elementor-section elementor-top-section elementor-element elementor-element-080570a elementor-section-boxed elementor-section-height-default elementor-section-height-default\" data-id=\"080570a\" data-element_type=\"section\">\n\t\t\t\t\t\t<div class=\"elementor-container elementor-column-gap-default\">\n\t\t\t\t\t<div class=\"elementor-column elementor-col-100 elementor-top-column elementor-element elementor-element-5c9ea01\" data-id=\"5c9ea01\" data-element_type=\"column\">\n\t\t\t<div class=\"elementor-widget-wrap elementor-element-populated\">\n\t\t\t\t\t\t\t\t<div class=\"elementor-element elementor-element-11a67a8 elementor-widget elementor-widget-spacer\" data-id=\"11a67a8\" data-element_type=\"widget\" data-widget_type=\"spacer.default\">\n\t\t\t\t<div class=\"elementor-widget-container\">\n\t\t\t\t\t<div class=\"elementor-spacer\">\n\t\t\t<div class=\"elementor-spacer-inner\"><\/div>\n\t\t<\/div>\n\t\t\t\t<\/div>\n\t\t\t\t<\/div>\n\t\t\t\t\t<\/div>\n\t\t<\/div>\n\t\t\t\t\t\t\t<\/div>\n\t\t<\/section>\n\t\t\t\t<section class=\"elementor-section elementor-top-section elementor-element elementor-element-1b0a5d33 elementor-section-boxed elementor-section-height-default elementor-section-height-default\" data-id=\"1b0a5d33\" data-element_type=\"section\" data-settings=\"{&quot;background_background&quot;:&quot;classic&quot;}\">\n\t\t\t\t\t\t\t<div class=\"elementor-background-overlay\"><\/div>\n\t\t\t\t\t\t\t<div class=\"elementor-container elementor-column-gap-default\">\n\t\t\t\t\t<div class=\"elementor-column elementor-col-100 elementor-top-column elementor-element elementor-element-1f841ba\" data-id=\"1f841ba\" data-element_type=\"column\">\n\t\t\t<div class=\"elementor-widget-wrap elementor-element-populated\">\n\t\t\t\t\t\t\t\t<div class=\"elementor-element elementor-element-365ba0bd elementor-widget elementor-widget-heading\" data-id=\"365ba0bd\" data-element_type=\"widget\" data-widget_type=\"heading.default\">\n\t\t\t\t<div class=\"elementor-widget-container\">\n\t\t\t<h1 class=\"elementor-heading-title elementor-size-default\">Services<\/h1>\t\t<\/div>\n\t\t\t\t<\/div>\n\t\t\t\t\t<\/div>\n\t\t<\/div>\n\t\t\t\t\t\t\t<\/div>\n\t\t<\/section>\n\t\t\t\t<section class=\"elementor-section elementor-top-section elementor-element elementor-element-4d2c9e9 elementor-reverse-mobile elementor-section-boxed elementor-section-height-default elementor-section-height-default\" data-id=\"4d2c9e9\" data-element_type=\"section\">\n\t\t\t\t\t\t<div class=\"elementor-container elementor-column-gap-no\">\n\t\t\t\t\t<div class=\"elementor-column elementor-col-50 elementor-top-column elementor-element elementor-element-1148300\" data-id=\"1148300\" data-element_type=\"column\">\n\t\t\t<div class=\"elementor-widget-wrap elementor-element-populated\">\n\t\t\t\t\t\t\t\t<div class=\"elementor-element elementor-element-5070b618 elementor-widget elementor-widget-heading\" data-id=\"5070b618\" data-element_type=\"widget\" data-widget_type=\"heading.default\">\n\t\t\t\t<div class=\"elementor-widget-container\">\n\t\t\t<h2 class=\"elementor-heading-title elementor-size-default\">Projets d'\u00e9lectricit\u00e9<\/h2>\t\t<\/div>\n\t\t\t\t<\/div>\n\t\t\t\t<div class=\"elementor-element elementor-element-62d352e2 elementor-widget elementor-widget-text-editor\" data-id=\"62d352e2\" data-element_type=\"widget\" data-widget_type=\"text-editor.default\">\n\t\t\t\t<div class=\"elementor-widget-container\">\n\t\t\t\t\t\t\t<p>Nous menons des projets d&#8217;\u00e9lectricit\u00e9 tr\u00e8s vari\u00e9s allant <strong>du d\u00e9pannage, \u00e0 la cr\u00e9ation en passant par la mise aux normes.<\/strong><\/p><p>Voici quelques exemples de nos prestations en \u00e9lectricit\u00e9 :<\/p><ul><li dir=\"auto\">D\u00e9pannage \u00e9lectrique,<\/li><li dir=\"auto\">R\u00e9novation \u00e9lectrique<\/li><li dir=\"auto\">Electricit\u00e9 pour construction \/ neuf,\u00a0<\/li><li dir=\"auto\">Entretien \u00e9lectrique \u00e0 la fr\u00e9quence de votre choix (ou exig\u00e9e),<\/li><li dir=\"auto\">Mises au normes \u00e9lectriques,\u00a0<\/li><li dir=\"auto\">Installation et travaux de tableaux \u00e9lectriques,\u00a0<\/li><li dir=\"auto\">Eclairage,<\/li><li dir=\"auto\">Enseignes de magasin\u00a0<\/li><li dir=\"auto\">Travaux \u00e9lectriques vari\u00e9s en int\u00e9rieur et ext\u00e9rieur<\/li><\/ul>\t\t\t\t\t\t<\/div>\n\t\t\t\t<\/div>\n\t\t\t\t\t<\/div>\n\t\t<\/div>\n\t\t\t\t<div class=\"elementor-column elementor-col-50 elementor-top-column elementor-element elementor-element-7285665\" data-id=\"7285665\" data-element_type=\"column\">\n\t\t\t<div class=\"elementor-widget-wrap elementor-element-populated\">\n\t\t\t\t\t\t\t\t<div class=\"elementor-element elementor-element-508aa5f0 elementor-widget elementor-widget-image\" data-id=\"508aa5f0\" data-element_type=\"widget\" data-widget_type=\"image.default\">\n\t\t\t\t<div class=\"elementor-widget-container\">\n\t\t\t\t\t\t\t\t\t\t\t\t\t\t\t<img width=\"600\" height=\"400\" src=\"https:\/\/red-tech.fr\/wp-content\/uploads\/2021\/02\/Electricien-Red-Tech-Nord.jpg\" class=\"attachment-large size-large wp-image-608\" alt=\"Electricien Red Tech \u00e0 Bachy, pr\u00e8s de Lille\" loading=\"lazy\" srcset=\"https:\/\/red-tech.fr\/wp-content\/uploads\/2021\/02\/Electricien-Red-Tech-Nord.jpg 600w, https:\/\/red-tech.fr\/wp-content\/uploads\/2021\/02\/Electricien-Red-Tech-Nord-300x200.jpg 300w\" sizes=\"(max-width: 600px) 100vw, 600px\" \/>\t\t\t\t\t\t\t\t\t\t\t\t\t\t\t<\/div>\n\t\t\t\t<\/div>\n\t\t\t\t\t<\/div>\n\t\t<\/div>\n\t\t\t\t\t\t\t<\/div>\n\t\t<\/section>\n\t\t\t\t<section class=\"elementor-section elementor-top-section elementor-element elementor-element-9e09982 elementor-section-boxed elementor-section-height-default elementor-section-height-default\" data-id=\"9e09982\" data-element_type=\"section\">\n\t\t\t\t\t\t<div class=\"elementor-container elementor-column-gap-no\">\n\t\t\t\t\t<div class=\"elementor-column elementor-col-50 elementor-top-column elementor-element elementor-element-4b9de95\" data-id=\"4b9de95\" data-element_type=\"column\">\n\t\t\t<div class=\"elementor-widget-wrap elementor-element-populated\">\n\t\t\t\t\t\t\t\t<div class=\"elementor-element elementor-element-1fab74e0 elementor-widget elementor-widget-image\" data-id=\"1fab74e0\" data-element_type=\"widget\" data-widget_type=\"image.default\">\n\t\t\t\t<div class=\"elementor-widget-container\">\n\t\t\t\t\t\t\t\t\t\t\t\t\t\t\t<img width=\"395\" height=\"275\" src=\"https:\/\/red-tech.fr\/wp-content\/uploads\/2021\/03\/radiateur-electrique-recadre.jpg\" class=\"attachment-large size-large wp-image-680\" alt=\"Chauffage et radiateurs \u00e9lectriques\" loading=\"lazy\" srcset=\"https:\/\/red-tech.fr\/wp-content\/uploads\/2021\/03\/radiateur-electrique-recadre.jpg 395w, https:\/\/red-tech.fr\/wp-content\/uploads\/2021\/03\/radiateur-electrique-recadre-300x209.jpg 300w\" sizes=\"(max-width: 395px) 100vw, 395px\" \/>\t\t\t\t\t\t\t\t\t\t\t\t\t\t\t<\/div>\n\t\t\t\t<\/div>\n\t\t\t\t\t<\/div>\n\t\t<\/div>\n\t\t\t\t<div class=\"elementor-column elementor-col-50 elementor-top-column elementor-element elementor-element-ddc17dc\" data-id=\"ddc17dc\" data-element_type=\"column\">\n\t\t\t<div class=\"elementor-widget-wrap elementor-element-populated\">\n\t\t\t\t\t\t\t\t<div class=\"elementor-element elementor-element-d8c8a33 elementor-widget elementor-widget-heading\" data-id=\"d8c8a33\" data-element_type=\"widget\" data-widget_type=\"heading.default\">\n\t\t\t\t<div class=\"elementor-widget-container\">\n\t\t\t<h2 class=\"elementor-heading-title elementor-size-default\">Chauffage et ventilation<\/h2>\t\t<\/div>\n\t\t\t\t<\/div>\n\t\t\t\t<div class=\"elementor-element elementor-element-3437ae6 elementor-widget elementor-widget-text-editor\" data-id=\"3437ae6\" data-element_type=\"widget\" data-widget_type=\"text-editor.default\">\n\t\t\t\t<div class=\"elementor-widget-container\">\n\t\t\t\t\t\t\t<p>Nous intervenons sur des installations de chauffage ou de ventilation, <strong>\u00e0 la fois pour les particuliers et pour les entreprises.<\/strong><\/p><p>Voici quelques exemples de nos prestations sur les chauffages et syst\u00e8mes de ventilation :<\/p><ul><li dir=\"auto\">Installation ou remplacement de radiateur \u00e9lectrique,<\/li><li dir=\"auto\">Installation ou remplacement de VMC (Ventilation M\u00e9canique Centralis\u00e9e),<\/li><li dir=\"auto\">Gestionnaire d&#8217;\u00e9nergie ou programmateur de chauffage, connect\u00e9 ou non,<\/li><li dir=\"auto\">Entretien des syst\u00e8mes de chauffage et VMC mis en place,<\/li><li dir=\"auto\">D\u00e9pannage sur les syst\u00e8mes de chauffage et ventilation.<\/li><\/ul>\t\t\t\t\t\t<\/div>\n\t\t\t\t<\/div>\n\t\t\t\t\t<\/div>\n\t\t<\/div>\n\t\t\t\t\t\t\t<\/div>\n\t\t<\/section>\n\t\t\t\t<section class=\"elementor-section elementor-top-section elementor-element elementor-element-6027d0f elementor-reverse-mobile elementor-section-boxed elementor-section-height-default elementor-section-height-default\" data-id=\"6027d0f\" data-element_type=\"section\">\n\t\t\t\t\t\t<div class=\"elementor-container elementor-column-gap-no\">\n\t\t\t\t\t<div class=\"elementor-column elementor-col-50 elementor-top-column elementor-element elementor-element-355c572\" data-id=\"355c572\" data-element_type=\"column\">\n\t\t\t<div class=\"elementor-widget-wrap elementor-element-populated\">\n\t\t\t\t\t\t\t\t<div class=\"elementor-element elementor-element-8b4473b elementor-widget elementor-widget-heading\" data-id=\"8b4473b\" data-element_type=\"widget\" data-widget_type=\"heading.default\">\n\t\t\t\t<div class=\"elementor-widget-container\">\n\t\t\t<h2 class=\"elementor-heading-title elementor-size-default\">R\u00e9seaux INFORMATIQUES<\/h2>\t\t<\/div>\n\t\t\t\t<\/div>\n\t\t\t\t<div class=\"elementor-element elementor-element-8962406 elementor-widget elementor-widget-text-editor\" data-id=\"8962406\" data-element_type=\"widget\" data-widget_type=\"text-editor.default\">\n\t\t\t\t<div class=\"elementor-widget-container\">\n\t\t\t\t\t\t\t<div dir=\"auto\">Nous accompagnons aussi certaines <strong>actions sur les r\u00e9seaux d&#8217;\u00e9lectricit\u00e9.<\/strong> Nous pouvons citer :<\/div><div dir=\"auto\">\u00a0<\/div><ul><li dir=\"auto\">Passage de c\u00e2ble cuivre et fibre optique moul\u00e9e,\u00a0<\/li><li dir=\"auto\">Raccordement de prises et noyaux cuivre (rj45 &#8211; pas de fibre),<\/li><li dir=\"auto\">Baie de brassage (pour les entreprises et professionnels)<\/li><li dir=\"auto\">Tableau de communication (pour les particuliers )<\/li><li dir=\"auto\">Onduleurs<\/li><li dir=\"auto\">Installation, entretien et d\u00e9pannage sur les r\u00e9seaux d&#8217;\u00e9lectricit\u00e9.<\/li><\/ul>\t\t\t\t\t\t<\/div>\n\t\t\t\t<\/div>\n\t\t\t\t\t<\/div>\n\t\t<\/div>\n\t\t\t\t<div class=\"elementor-column elementor-col-50 elementor-top-column elementor-element elementor-element-623a32c\" data-id=\"623a32c\" data-element_type=\"column\">\n\t\t\t<div class=\"elementor-widget-wrap elementor-element-populated\">\n\t\t\t\t\t\t\t\t<div class=\"elementor-element elementor-element-628e670 elementor-widget elementor-widget-image\" data-id=\"628e670\" data-element_type=\"widget\" data-widget_type=\"image.default\">\n\t\t\t\t<div class=\"elementor-widget-container\">\n\t\t\t\t\t\t\t\t\t\t\t\t\t\t\t<img width=\"1024\" height=\"682\" src=\"https:\/\/red-tech.fr\/wp-content\/uploads\/2021\/02\/fibre-optique-1024x682.jpg\" class=\"attachment-large size-large wp-image-609\" alt=\"R\u00e9seaux Informatiques - Red Tech\" loading=\"lazy\" srcset=\"https:\/\/red-tech.fr\/wp-content\/uploads\/2021\/02\/fibre-optique-1024x682.jpg 1024w, https:\/\/red-tech.fr\/wp-content\/uploads\/2021\/02\/fibre-optique-300x200.jpg 300w, https:\/\/red-tech.fr\/wp-content\/uploads\/2021\/02\/fibre-optique-768x512.jpg 768w, https:\/\/red-tech.fr\/wp-content\/uploads\/2021\/02\/fibre-optique.jpg 1280w\" sizes=\"(max-width: 1024px) 100vw, 1024px\" \/>\t\t\t\t\t\t\t\t\t\t\t\t\t\t\t<\/div>\n\t\t\t\t<\/div>\n\t\t\t\t\t<\/div>\n\t\t<\/div>\n\t\t\t\t\t\t\t<\/div>\n\t\t<\/section>\n\t\t\t\t<section class=\"elementor-section elementor-top-section elementor-element elementor-element-c60f9b0 elementor-section-boxed elementor-section-height-default elementor-section-height-default\" data-id=\"c60f9b0\" data-element_type=\"section\">\n\t\t\t\t\t\t<div class=\"elementor-container elementor-column-gap-no\">\n\t\t\t\t\t<div class=\"elementor-column elementor-col-50 elementor-top-column elementor-element elementor-element-0fe3c58\" data-id=\"0fe3c58\" data-element_type=\"column\">\n\t\t\t<div class=\"elementor-widget-wrap elementor-element-populated\">\n\t\t\t\t\t\t\t\t<div class=\"elementor-element elementor-element-8d3602d elementor-widget elementor-widget-image\" data-id=\"8d3602d\" data-element_type=\"widget\" data-widget_type=\"image.default\">\n\t\t\t\t<div class=\"elementor-widget-container\">\n\t\t\t\t\t\t\t\t\t\t\t\t\t\t\t<img width=\"1024\" height=\"683\" src=\"https:\/\/red-tech.fr\/wp-content\/uploads\/2021\/02\/digital-tablet-screen-with-smart-home-controller-wooden-table-1024x683.jpg\" class=\"attachment-large size-large wp-image-610\" alt=\"Domotique - Connexion, alarmes, interphone, portail\" loading=\"lazy\" srcset=\"https:\/\/red-tech.fr\/wp-content\/uploads\/2021\/02\/digital-tablet-screen-with-smart-home-controller-wooden-table-1024x683.jpg 1024w, https:\/\/red-tech.fr\/wp-content\/uploads\/2021\/02\/digital-tablet-screen-with-smart-home-controller-wooden-table-300x200.jpg 300w, https:\/\/red-tech.fr\/wp-content\/uploads\/2021\/02\/digital-tablet-screen-with-smart-home-controller-wooden-table-768x513.jpg 768w, https:\/\/red-tech.fr\/wp-content\/uploads\/2021\/02\/digital-tablet-screen-with-smart-home-controller-wooden-table-1536x1025.jpg 1536w, https:\/\/red-tech.fr\/wp-content\/uploads\/2021\/02\/digital-tablet-screen-with-smart-home-controller-wooden-table-2048x1367.jpg 2048w, https:\/\/red-tech.fr\/wp-content\/uploads\/2021\/02\/digital-tablet-screen-with-smart-home-controller-wooden-table-scaled-e1614078388453.jpg 600w\" sizes=\"(max-width: 1024px) 100vw, 1024px\" \/>\t\t\t\t\t\t\t\t\t\t\t\t\t\t\t<\/div>\n\t\t\t\t<\/div>\n\t\t\t\t\t<\/div>\n\t\t<\/div>\n\t\t\t\t<div class=\"elementor-column elementor-col-50 elementor-top-column elementor-element elementor-element-049f359\" data-id=\"049f359\" data-element_type=\"column\">\n\t\t\t<div class=\"elementor-widget-wrap elementor-element-populated\">\n\t\t\t\t\t\t\t\t<div class=\"elementor-element elementor-element-5a95249 elementor-widget elementor-widget-heading\" data-id=\"5a95249\" data-element_type=\"widget\" data-widget_type=\"heading.default\">\n\t\t\t\t<div class=\"elementor-widget-container\">\n\t\t\t<h2 class=\"elementor-heading-title elementor-size-default\">Domotique : gestion centralis\u00e9e, alarme, portail...<\/h2>\t\t<\/div>\n\t\t\t\t<\/div>\n\t\t\t\t<div class=\"elementor-element elementor-element-93cbe8a elementor-widget elementor-widget-text-editor\" data-id=\"93cbe8a\" data-element_type=\"widget\" data-widget_type=\"text-editor.default\">\n\t\t\t\t<div class=\"elementor-widget-container\">\n\t\t\t\t\t\t\t<div dir=\"auto\">La Domotique, vous connaissez ? Il s&#8217;agit <strong>d&#8217;installations \u00e9lectriques qui vous simplifient la vie<\/strong> :<\/div><div dir=\"auto\">\u00a0<\/div><ul><li dir=\"auto\">Box connect\u00e9e,<\/li><li dir=\"auto\">Centralisation de volets, d&#8217;\u00e9clairages, de prises de courants, de chauffages (radiateurs \u00e9lectriques, chaudi\u00e8res gaz, pompes \u00e0 chaleurs)<\/li><li dir=\"auto\">Contr\u00f4les d&#8217;acc\u00e8s, motorisations de portails, portes de garages,<\/li><li dir=\"auto\">Alarmes intrusion et incendie<\/li><li dir=\"auto\">Raccordement possible \u00e0 une t\u00e9l\u00e9surveillance,<\/li><li dir=\"auto\">Interphones et visiophones, connect\u00e9s ou non.<\/li><li dir=\"auto\">Installation, entretien et d\u00e9pannage en domotique.<\/li><\/ul>\t\t\t\t\t\t<\/div>\n\t\t\t\t<\/div>\n\t\t\t\t\t<\/div>\n\t\t<\/div>\n\t\t\t\t\t\t\t<\/div>\n\t\t<\/section>\n\t\t\t\t<section class=\"elementor-section elementor-top-section elementor-element elementor-element-516f47f elementor-reverse-tablet elementor-reverse-mobile elementor-section-boxed elementor-section-height-default elementor-section-height-default\" data-id=\"516f47f\" data-element_type=\"section\">\n\t\t\t\t\t\t<div class=\"elementor-container elementor-column-gap-default\">\n\t\t\t\t\t<div class=\"elementor-column elementor-col-50 elementor-top-column elementor-element elementor-element-eb46580\" data-id=\"eb46580\" data-element_type=\"column\">\n\t\t\t<div class=\"elementor-widget-wrap elementor-element-populated\">\n\t\t\t\t\t\t\t\t<div class=\"elementor-element elementor-element-b564ab1 elementor-widget elementor-widget-heading\" data-id=\"b564ab1\" data-element_type=\"widget\" data-widget_type=\"heading.default\">\n\t\t\t\t<div class=\"elementor-widget-container\">\n\t\t\t<h2 class=\"elementor-heading-title elementor-size-default\">Borne de recharge pour v\u00e9hicule \u00e9lectrique<\/h2>\t\t<\/div>\n\t\t\t\t<\/div>\n\t\t\t\t<div class=\"elementor-element elementor-element-2ecee1a elementor-widget elementor-widget-text-editor\" data-id=\"2ecee1a\" data-element_type=\"widget\" data-widget_type=\"text-editor.default\">\n\t\t\t\t<div class=\"elementor-widget-container\">\n\t\t\t\t\t\t\t<p>Le parc de voitures \u00e9lectriques est en plein essor. Face \u00e0 ce besoin, <strong>nous accompagnons les particuliers, les entreprises, les enseignes et les institutions (mairies, entre autres) pour s&#8217;\u00e9quiper<\/strong> de bornes de recharge pour v\u00e9hicule \u00e9lectrique.<\/p><ul><li>Borne de recharge pour particuliers,<\/li><li>Borne de recharge pour parking de magasins,<\/li><li>Borne de recharge publiques, pour collectivit\u00e9s,<\/li><li>Bornes de recharge pour entreprises.<\/li><\/ul>\t\t\t\t\t\t<\/div>\n\t\t\t\t<\/div>\n\t\t\t\t\t<\/div>\n\t\t<\/div>\n\t\t\t\t<div class=\"elementor-column elementor-col-50 elementor-top-column elementor-element elementor-element-10f4355\" data-id=\"10f4355\" data-element_type=\"column\">\n\t\t\t<div class=\"elementor-widget-wrap elementor-element-populated\">\n\t\t\t\t\t\t\t\t<div class=\"elementor-element elementor-element-e61b52f elementor-widget elementor-widget-image\" data-id=\"e61b52f\" data-element_type=\"widget\" data-widget_type=\"image.default\">\n\t\t\t\t<div class=\"elementor-widget-container\">\n\t\t\t\t\t\t\t\t\t\t\t\t\t\t\t<img width=\"600\" height=\"400\" src=\"https:\/\/red-tech.fr\/wp-content\/uploads\/2021\/02\/Borne-voiture-electrique-Red-Tech.jpg\" class=\"attachment-large size-large wp-image-611\" alt=\"Borne de recharge voiture \u00e9lectrique - Electricien Red Tech\" loading=\"lazy\" srcset=\"https:\/\/red-tech.fr\/wp-content\/uploads\/2021\/02\/Borne-voiture-electrique-Red-Tech.jpg 600w, https:\/\/red-tech.fr\/wp-content\/uploads\/2021\/02\/Borne-voiture-electrique-Red-Tech-300x200.jpg 300w\" sizes=\"(max-width: 600px) 100vw, 600px\" \/>\t\t\t\t\t\t\t\t\t\t\t\t\t\t\t<\/div>\n\t\t\t\t<\/div>\n\t\t\t\t\t<\/div>\n\t\t<\/div>\n\t\t\t\t\t\t\t<\/div>\n\t\t<\/section>\n\t\t\t\t<section class=\"elementor-section elementor-top-section elementor-element elementor-element-11c9b5e elementor-section-content-middle elementor-section-boxed elementor-section-height-default elementor-section-height-default\" data-id=\"11c9b5e\" data-element_type=\"section\" data-settings=\"{&quot;background_background&quot;:&quot;classic&quot;}\">\n\t\t\t\t\t\t<div class=\"elementor-container elementor-column-gap-no\">\n\t\t\t\t\t<div class=\"elementor-column elementor-col-100 elementor-top-column elementor-element elementor-element-8712de8\" data-id=\"8712de8\" data-element_type=\"column\">\n\t\t\t<div class=\"elementor-widget-wrap elementor-element-populated\">\n\t\t\t\t\t\t\t\t<div class=\"elementor-element elementor-element-8f19103 elementor-widget elementor-widget-heading\" data-id=\"8f19103\" data-element_type=\"widget\" data-widget_type=\"heading.default\">\n\t\t\t\t<div class=\"elementor-widget-container\">\n\t\t\t<h2 class=\"elementor-heading-title elementor-size-default\">F.A.Q.<\/h2>\t\t<\/div>\n\t\t\t\t<\/div>\n\t\t\t\t<div class=\"elementor-element elementor-element-e163990 elementor-widget elementor-widget-text-editor\" data-id=\"e163990\" data-element_type=\"widget\" data-widget_type=\"text-editor.default\">\n\t\t\t\t<div class=\"elementor-widget-container\">\n\t\t\t\t\t\t\t<p>Nous r\u00e9pondons \u00e0 vos questions les plus fr\u00e9quentes sur nos prestations de service.<\/p>\t\t\t\t\t\t<\/div>\n\t\t\t\t<\/div>\n\t\t\t\t<div class=\"elementor-element elementor-element-a8f902c elementor-widget elementor-widget-toggle\" data-id=\"a8f902c\" data-element_type=\"widget\" data-widget_type=\"toggle.default\">\n\t\t\t\t<div class=\"elementor-widget-container\">\n\t\t\t\t\t<div class=\"elementor-toggle\" role=\"tablist\">\n\t\t\t\t\t\t\t<div class=\"elementor-toggle-item\">\n\t\t\t\t\t<div id=\"elementor-tab-title-1771\" class=\"elementor-tab-title\" data-tab=\"1\" role=\"tab\" aria-controls=\"elementor-tab-content-1771\" aria-expanded=\"false\">\n\t\t\t\t\t\t\t\t\t\t\t\t<span class=\"elementor-toggle-icon elementor-toggle-icon-right\" aria-hidden=\"true\">\n\t\t\t\t\t\t\t\t\t\t\t\t\t\t\t<span class=\"elementor-toggle-icon-closed\"><i class=\"fas fa-caret-right\"><\/i><\/span>\n\t\t\t\t\t\t\t\t<span class=\"elementor-toggle-icon-opened\"><i class=\"elementor-toggle-icon-opened fas fa-caret-up\"><\/i><\/span>\n\t\t\t\t\t\t\t\t\t\t\t\t\t<\/span>\n\t\t\t\t\t\t\t\t\t\t\t\t<a href=\"\" class=\"elementor-toggle-title\">Quels sont nos tarifs ?<\/a>\n\t\t\t\t\t<\/div>\n\n\t\t\t\t\t<div id=\"elementor-tab-content-1771\" class=\"elementor-tab-content elementor-clearfix\" data-tab=\"1\" role=\"tabpanel\" aria-labelledby=\"elementor-tab-title-1771\"><p>Nous avons une devise : <strong>nous proposons toujours des solutions personnalis\u00e9es<\/strong>. Pourquoi ? Tout d\u00e9pend de votre syst\u00e8me \u00e9lectrique en place et de vos besoins. Nous pr\u00e9f\u00e9rons en discuter avec vous, vous poser quelques questions et vous proposer un devis personnalis\u00e9.<\/p><\/div>\n\t\t\t\t<\/div>\n\t\t\t\t\t\t\t<div class=\"elementor-toggle-item\">\n\t\t\t\t\t<div id=\"elementor-tab-title-1772\" class=\"elementor-tab-title\" data-tab=\"2\" role=\"tab\" aria-controls=\"elementor-tab-content-1772\" aria-expanded=\"false\">\n\t\t\t\t\t\t\t\t\t\t\t\t<span class=\"elementor-toggle-icon elementor-toggle-icon-right\" aria-hidden=\"true\">\n\t\t\t\t\t\t\t\t\t\t\t\t\t\t\t<span class=\"elementor-toggle-icon-closed\"><i class=\"fas fa-caret-right\"><\/i><\/span>\n\t\t\t\t\t\t\t\t<span class=\"elementor-toggle-icon-opened\"><i class=\"elementor-toggle-icon-opened fas fa-caret-up\"><\/i><\/span>\n\t\t\t\t\t\t\t\t\t\t\t\t\t<\/span>\n\t\t\t\t\t\t\t\t\t\t\t\t<a href=\"\" class=\"elementor-toggle-title\">Quelles sont les marques de mat\u00e9riel \u00e9lectrique que nous proposons ?<\/a>\n\t\t\t\t\t<\/div>\n\n\t\t\t\t\t<div id=\"elementor-tab-content-1772\" class=\"elementor-tab-content elementor-clearfix\" data-tab=\"2\" role=\"tabpanel\" aria-labelledby=\"elementor-tab-title-1772\"><p>Nous travaillons avec plusieurs marques sp\u00e9cialis\u00e9es dans le mat\u00e9riel \u00e9lectrique. Du plus petit composant \u00e9lectrique au mat\u00e9riel plus visible comme les radiateurs \u00e9lectriques.\u00a0<\/p><p>Pour chaque projet d&#8217;\u00e9lectricit\u00e9, nous choisissons avec soin le mat\u00e9riel le plus adapt\u00e9 \u00e0 vos besoins. Parfois,<strong> nous vous proposons plusieurs solutions et nous vous guidons dans vos choix.<\/strong><\/p><p>Nous travaillons, entre autres, avec Legrand, hager, Schneider, Atlantic, Applimo, Campa, Delta Dore, somfy, Urmet, Elkron, DSC, Comelit, Dahua, Finsecur, Nugelec, Came, Faac, Nice, Gigamedia, 3M, Panduit, Roger pradier, Arkos, SLV, Thorn, Performance in lighting&#8230;<\/p><\/div>\n\t\t\t\t<\/div>\n\t\t\t\t\t\t\t\t<\/div>\n\t\t\t\t<\/div>\n\t\t\t\t<\/div>\n\t\t\t\t\t<\/div>\n\t\t<\/div>\n\t\t\t\t\t\t\t<\/div>\n\t\t<\/section>\n\t\t\t\t<section class=\"elementor-section elementor-top-section elementor-element elementor-element-5aba610 elementor-section-boxed elementor-section-height-default elementor-section-height-default\" data-id=\"5aba610\" data-element_type=\"section\">\n\t\t\t\t\t\t<div class=\"elementor-container elementor-column-gap-default\">\n\t\t\t\t\t<div class=\"elementor-column elementor-col-100 elementor-top-column elementor-element elementor-element-8c8f992\" data-id=\"8c8f992\" data-element_type=\"column\">\n\t\t\t<div class=\"elementor-widget-wrap elementor-element-populated\">\n\t\t\t\t\t\t\t\t<div class=\"elementor-element elementor-element-036f7a0 elementor-widget elementor-widget-text-editor\" data-id=\"036f7a0\" data-element_type=\"widget\" data-widget_type=\"text-editor.default\">\n\t\t\t\t<div class=\"elementor-widget-container\">\n\t\t\t\t\t\t\t<p><em>Vous \u00eates en panne d&#8217;\u00e9lectricit\u00e9 ? <\/em><br \/><em>Vous avez un projet d&#8217;installation d&#8217;alarme ou de portail ?<\/em><br \/><em>Vous vous lancez dans une nouvelle construction ou dans un projet de r\u00e9novation ?<\/em><br \/><em>Vous souhaitez un devis pour un entretien ?<\/em> <br \/><strong>Contactez-nous d\u00e8s maintenant pour en parler !<\/strong><\/p>\t\t\t\t\t\t<\/div>\n\t\t\t\t<\/div>\n\t\t\t\t\t<\/div>\n\t\t<\/div>\n\t\t\t\t\t\t\t<\/div>\n\t\t<\/section>\n\t\t\t\t\t\t\t<\/div>\n\t\t","protected":false},"excerpt":{"rendered":"<p>Services Projets d&#8217;\u00e9lectricit\u00e9 Nous menons des projets d&#8217;\u00e9lectricit\u00e9 tr\u00e8s vari\u00e9s allant du d\u00e9pannage, \u00e0 la cr\u00e9ation en passant par la mise aux normes. Voici quelques exemples de nos prestations en \u00e9lectricit\u00e9 : D\u00e9pannage \u00e9lectrique, R\u00e9novation \u00e9lectrique Electricit\u00e9 pour construction \/ neuf,\u00a0 Entretien \u00e9lectrique \u00e0 la fr\u00e9quence de votre choix (ou exig\u00e9e), Mises au normes \u00e9lectriques,\u00a0 &hellip;<\/p>\n<p class=\"read-more\"> <a class=\"\" href=\"https:\/\/red-tech.fr\/index.php\/services\/\"> <span class=\"screen-reader-text\">Services<\/span> Read More &raquo;<\/a><\/p>\n","protected":false},"author":1,"featured_media":0,"parent":0,"menu_order":0,"comment_status":"closed","ping_status":"closed","template":"","meta":[],"_links":{"self":[{"href":"https:\/\/red-tech.fr\/index.php\/wp-json\/wp\/v2\/pages\/32"}],"collection":[{"href":"https:\/\/red-tech.fr\/index.php\/wp-json\/wp\/v2\/pages"}],"about":[{"href":"https:\/\/red-tech.fr\/index.php\/wp-json\/wp\/v2\/types\/page"}],"author":[{"embeddable":true,"href":"https:\/\/red-tech.fr\/index.php\/wp-json\/wp\/v2\/users\/1"}],"replies":[{"embeddable":true,"href":"https:\/\/red-tech.fr\/index.php\/wp-json\/wp\/v2\/comments?post=32"}],"version-history":[{"count":56,"href":"https:\/\/red-tech.fr\/index.php\/wp-json\/wp\/v2\/pages\/32\/revisions"}],"predecessor-version":[{"id":785,"href":"https:\/\/red-tech.fr\/index.php\/wp-json\/wp\/v2\/pages\/32\/revisions\/785"}],"wp:attachment":[{"href":"https:\/\/red-tech.fr\/index.php\/wp-json\/wp\/v2\/media?parent=32"}],"curies":[{"name":"wp","href":"https:\/\/api.w.org\/{rel}","templated":true}]}}