{"id":31,"date":"2020-04-13T11:18:52","date_gmt":"2020-04-13T09:18:52","guid":{"rendered":"http:\/\/red-tech.fr\/index.php\/about\/"},"modified":"2022-01-13T13:01:31","modified_gmt":"2022-01-13T12:01:31","slug":"about","status":"publish","type":"page","link":"https:\/\/red-tech.fr\/index.php\/about\/","title":{"rendered":"Notre soci\u00e9t\u00e9"},"content":{"rendered":"\t\t<div data-elementor-type=\"wp-page\" data-elementor-id=\"31\" class=\"elementor elementor-31\">\n\t\t\t\t\t\t\t\t\t<section class=\"elementor-section elementor-top-section elementor-element elementor-element-d8b0eb5 elementor-section-boxed elementor-section-height-default elementor-section-height-default\" data-id=\"d8b0eb5\" data-element_type=\"section\">\n\t\t\t\t\t\t<div class=\"elementor-container elementor-column-gap-default\">\n\t\t\t\t\t<div class=\"elementor-column elementor-col-100 elementor-top-column elementor-element elementor-element-8ebb873\" data-id=\"8ebb873\" data-element_type=\"column\">\n\t\t\t<div class=\"elementor-widget-wrap elementor-element-populated\">\n\t\t\t\t\t\t\t\t<div class=\"elementor-element elementor-element-56cfb80 elementor-widget elementor-widget-spacer\" data-id=\"56cfb80\" data-element_type=\"widget\" data-widget_type=\"spacer.default\">\n\t\t\t\t<div class=\"elementor-widget-container\">\n\t\t\t\t\t<div class=\"elementor-spacer\">\n\t\t\t<div class=\"elementor-spacer-inner\"><\/div>\n\t\t<\/div>\n\t\t\t\t<\/div>\n\t\t\t\t<\/div>\n\t\t\t\t\t<\/div>\n\t\t<\/div>\n\t\t\t\t\t\t\t<\/div>\n\t\t<\/section>\n\t\t\t\t<section class=\"elementor-section elementor-top-section elementor-element elementor-element-5131a13e elementor-section-boxed elementor-section-height-default elementor-section-height-default\" data-id=\"5131a13e\" data-element_type=\"section\" data-settings=\"{&quot;background_background&quot;:&quot;classic&quot;}\">\n\t\t\t\t\t\t\t<div class=\"elementor-background-overlay\"><\/div>\n\t\t\t\t\t\t\t<div class=\"elementor-container elementor-column-gap-default\">\n\t\t\t\t\t<div class=\"elementor-column elementor-col-100 elementor-top-column elementor-element elementor-element-1053ca7a\" data-id=\"1053ca7a\" data-element_type=\"column\">\n\t\t\t<div class=\"elementor-widget-wrap elementor-element-populated\">\n\t\t\t\t\t\t\t\t<div class=\"elementor-element elementor-element-3d99e122 elementor-widget elementor-widget-heading\" data-id=\"3d99e122\" data-element_type=\"widget\" data-widget_type=\"heading.default\">\n\t\t\t\t<div class=\"elementor-widget-container\">\n\t\t\t<h1 class=\"elementor-heading-title elementor-size-default\">Notre soci\u00e9t\u00e9<\/h1>\t\t<\/div>\n\t\t\t\t<\/div>\n\t\t\t\t\t<\/div>\n\t\t<\/div>\n\t\t\t\t\t\t\t<\/div>\n\t\t<\/section>\n\t\t\t\t<section class=\"elementor-section elementor-top-section elementor-element elementor-element-40177ae0 elementor-section-boxed elementor-section-height-default elementor-section-height-default\" data-id=\"40177ae0\" data-element_type=\"section\">\n\t\t\t\t\t\t<div class=\"elementor-container elementor-column-gap-no\">\n\t\t\t\t\t<div class=\"elementor-column elementor-col-50 elementor-top-column elementor-element elementor-element-2828f573\" data-id=\"2828f573\" data-element_type=\"column\">\n\t\t\t<div class=\"elementor-widget-wrap elementor-element-populated\">\n\t\t\t\t\t\t\t\t<div class=\"elementor-element elementor-element-68afc23b elementor-widget elementor-widget-heading\" data-id=\"68afc23b\" data-element_type=\"widget\" data-widget_type=\"heading.default\">\n\t\t\t\t<div class=\"elementor-widget-container\">\n\t\t\t<h2 class=\"elementor-heading-title elementor-size-default\">Expertise <br>- <br>Pr\u00e9cision <br>- <br>Proximit\u00e9\n<\/h2>\t\t<\/div>\n\t\t\t\t<\/div>\n\t\t\t\t\t<\/div>\n\t\t<\/div>\n\t\t\t\t<div class=\"elementor-column elementor-col-50 elementor-top-column elementor-element elementor-element-48096891\" data-id=\"48096891\" data-element_type=\"column\">\n\t\t\t<div class=\"elementor-widget-wrap elementor-element-populated\">\n\t\t\t\t\t\t\t\t<div class=\"elementor-element elementor-element-44ce5982 elementor-widget elementor-widget-text-editor\" data-id=\"44ce5982\" data-element_type=\"widget\" data-widget_type=\"text-editor.default\">\n\t\t\t\t<div class=\"elementor-widget-container\">\n\t\t\t\t\t\t\t<p>RED TECH est une soci\u00e9t\u00e9 experte en \u00e9lectricit\u00e9. Nous sommes bas\u00e9s \u00e0 BACHY, aux portes de la m\u00e9tropole lilloise et au c\u0153ur des Hauts de France<\/p>\t\t\t\t\t\t<\/div>\n\t\t\t\t<\/div>\n\t\t\t\t<div class=\"elementor-element elementor-element-e56ab06 elementor-widget elementor-widget-text-editor\" data-id=\"e56ab06\" data-element_type=\"widget\" data-widget_type=\"text-editor.default\">\n\t\t\t\t<div class=\"elementor-widget-container\">\n\t\t\t\t\t\t\t<p>RED TECH, c&#8217;est avant tout une histoire entrepreunariale. Ces derni\u00e8res ann\u00e9es, j&#8217;ai pu participer \u00e0 des chantiers tr\u00e8s vari\u00e9s comme la construction de b\u00e2timents, la r\u00e9novation, l&#8217;entretien de r\u00e9seau, la r\u00e9paration de chauffage&#8230; Toutes ces exp\u00e9riences m&#8217;ont donn\u00e9 envie d&#8217;aider les particuliers et les entreprises du Nord-Pas de Calais \u00e0 mener \u00e0 bien leurs divers projets \u00e9lectriques.<\/p>\n<p>Chaque projet est diff\u00e9rent et, c&#8217;est \u00e7a qui est int\u00e9ressant.<strong> Mon but est bien d&#8217;apporter la solution la plus adapt\u00e9e et la plus pr\u00e9cise<\/strong>, en accompagnant le projet de A \u00e0 Z.<\/p>\t\t\t\t\t\t<\/div>\n\t\t\t\t<\/div>\n\t\t\t\t<div class=\"elementor-element elementor-element-4ec76f84 elementor-widget elementor-widget-heading\" data-id=\"4ec76f84\" data-element_type=\"widget\" data-widget_type=\"heading.default\">\n\t\t\t\t<div class=\"elementor-widget-container\">\n\t\t\t<h3 class=\"elementor-heading-title elementor-size-medium\">Paul Henri Foriez, fondateur de RED TECH<\/h3>\t\t<\/div>\n\t\t\t\t<\/div>\n\t\t\t\t\t<\/div>\n\t\t<\/div>\n\t\t\t\t\t\t\t<\/div>\n\t\t<\/section>\n\t\t\t\t<section class=\"elementor-section elementor-top-section elementor-element elementor-element-fed7dbd elementor-section-boxed elementor-section-height-default elementor-section-height-default\" data-id=\"fed7dbd\" data-element_type=\"section\" data-settings=\"{&quot;background_background&quot;:&quot;classic&quot;}\">\n\t\t\t\t\t\t<div class=\"elementor-container elementor-column-gap-default\">\n\t\t\t\t\t<div class=\"elementor-column elementor-col-100 elementor-top-column elementor-element elementor-element-a4b199d\" data-id=\"a4b199d\" data-element_type=\"column\">\n\t\t\t<div class=\"elementor-widget-wrap elementor-element-populated\">\n\t\t\t\t\t\t\t\t<div class=\"elementor-element elementor-element-aa773a3 elementor-widget elementor-widget-heading\" data-id=\"aa773a3\" data-element_type=\"widget\" data-widget_type=\"heading.default\">\n\t\t\t\t<div class=\"elementor-widget-container\">\n\t\t\t<h2 class=\"elementor-heading-title elementor-size-default\">Notre devise<\/h2>\t\t<\/div>\n\t\t\t\t<\/div>\n\t\t\t\t<div class=\"elementor-element elementor-element-ccbd346 elementor-widget elementor-widget-text-editor\" data-id=\"ccbd346\" data-element_type=\"widget\" data-widget_type=\"text-editor.default\">\n\t\t\t\t<div class=\"elementor-widget-container\">\n\t\t\t\t\t\t\t<p><span style=\"font-size: 16px;\">Chaque chantier \u00e9lectrique que nous menons doit avoir une signature RED TECH. <br \/><\/span><span style=\"font-size: 16px;\">C&#8217;est-\u00e0-dire ?\u00a0<\/span><\/p>\t\t\t\t\t\t<\/div>\n\t\t\t\t<\/div>\n\t\t\t\t<div class=\"elementor-element elementor-element-9f92279 elementor-align-center elementor-icon-list--layout-traditional elementor-list-item-link-full_width elementor-widget elementor-widget-icon-list\" data-id=\"9f92279\" data-element_type=\"widget\" data-widget_type=\"icon-list.default\">\n\t\t\t\t<div class=\"elementor-widget-container\">\n\t\t\t\t\t<ul class=\"elementor-icon-list-items\">\n\t\t\t\t\t\t\t<li class=\"elementor-icon-list-item\">\n\t\t\t\t\t\t\t\t\t\t\t<span class=\"elementor-icon-list-icon\">\n\t\t\t\t\t\t\t<i aria-hidden=\"true\" class=\"fas fa-caret-right\"><\/i>\t\t\t\t\t\t<\/span>\n\t\t\t\t\t\t\t\t\t\t<span class=\"elementor-icon-list-text\">Un projet unique ; une solution personnalis\u00e9e<\/span>\n\t\t\t\t\t\t\t\t\t<\/li>\n\t\t\t\t\t\t\t\t<li class=\"elementor-icon-list-item\">\n\t\t\t\t\t\t\t\t\t\t\t<span class=\"elementor-icon-list-icon\">\n\t\t\t\t\t\t\t<i aria-hidden=\"true\" class=\"fas fa-caret-right\"><\/i>\t\t\t\t\t\t<\/span>\n\t\t\t\t\t\t\t\t\t\t<span class=\"elementor-icon-list-text\">Un projet men\u00e9 dans sa globalit\u00e9, avec un suivi de A \u00e0 Z<\/span>\n\t\t\t\t\t\t\t\t\t<\/li>\n\t\t\t\t\t\t\t\t<li class=\"elementor-icon-list-item\">\n\t\t\t\t\t\t\t\t\t\t\t<span class=\"elementor-icon-list-icon\">\n\t\t\t\t\t\t\t<i aria-hidden=\"true\" class=\"fas fa-caret-right\"><\/i>\t\t\t\t\t\t<\/span>\n\t\t\t\t\t\t\t\t\t\t<span class=\"elementor-icon-list-text\">Un contact de proximit\u00e9 pour une meilleure communication<\/span>\n\t\t\t\t\t\t\t\t\t<\/li>\n\t\t\t\t\t\t\t\t<li class=\"elementor-icon-list-item\">\n\t\t\t\t\t\t\t\t\t\t\t<span class=\"elementor-icon-list-icon\">\n\t\t\t\t\t\t\t<i aria-hidden=\"true\" class=\"fas fa-caret-right\"><\/i>\t\t\t\t\t\t<\/span>\n\t\t\t\t\t\t\t\t\t\t<span class=\"elementor-icon-list-text\">Des gestes pr\u00e9cis et des finitions propres.<\/span>\n\t\t\t\t\t\t\t\t\t<\/li>\n\t\t\t\t\t\t<\/ul>\n\t\t\t\t<\/div>\n\t\t\t\t<\/div>\n\t\t\t\t\t<\/div>\n\t\t<\/div>\n\t\t\t\t\t\t\t<\/div>\n\t\t<\/section>\n\t\t\t\t<section class=\"elementor-section elementor-top-section elementor-element elementor-element-487bfd1 elementor-section-boxed elementor-section-height-default elementor-section-height-default\" data-id=\"487bfd1\" data-element_type=\"section\" data-settings=\"{&quot;background_background&quot;:&quot;classic&quot;}\">\n\t\t\t\t\t\t<div class=\"elementor-container elementor-column-gap-default\">\n\t\t\t\t\t<div class=\"elementor-column elementor-col-50 elementor-top-column elementor-element elementor-element-a1ebe9c\" data-id=\"a1ebe9c\" data-element_type=\"column\">\n\t\t\t<div class=\"elementor-widget-wrap elementor-element-populated\">\n\t\t\t\t\t\t\t\t<div class=\"elementor-element elementor-element-08f8146 elementor-widget elementor-widget-heading\" data-id=\"08f8146\" data-element_type=\"widget\" data-widget_type=\"heading.default\">\n\t\t\t\t<div class=\"elementor-widget-container\">\n\t\t\t<h2 class=\"elementor-heading-title elementor-size-default\">Nos lieux d'intervention<\/h2>\t\t<\/div>\n\t\t\t\t<\/div>\n\t\t\t\t<div class=\"elementor-element elementor-element-22d806f elementor-widget elementor-widget-text-editor\" data-id=\"22d806f\" data-element_type=\"widget\" data-widget_type=\"text-editor.default\">\n\t\t\t\t<div class=\"elementor-widget-container\">\n\t\t\t\t\t\t\t<p><strong>Bachy et ses environs<\/strong> <br \/><em>Cysoing, Templeuve, Fretin, Camphin-en-P\u00e9v\u00e8le, Baisieux, Wilems, Genech, Mouchin, Nomain, Orchies, Landas, Cappelle-en-P\u00e9v\u00e8le, Pont-\u00e0-Marcq, M\u00e9rignies&#8230;<\/em><\/p><p><strong>M\u00e9tropole lilloise<\/strong> <br \/><em>Lille, Roubaix, Tourcoing<\/em><\/p><p><strong>Les villes environnantes de Lille<\/strong> <br \/><em>Villeneuve d&#8217;Ascq, Croix, Wasquehal, Englos, Lomme, Hem, Lezennes, Loos,\u00a0<span style=\"font-size: 16px; font-weight: 400;\">Leers, Roncq, Linselles, Marcq-en Baroeul, Mons-en-Baroeul, Wattignies, Wambrechies, Wattrelos<\/span><span style=\"font-size: 16px;\">&#8230;<\/span><\/em><\/p><p><strong>Et d&#8217;autres villes de la r\u00e9gion :<\/strong> <br \/><em>Saint-Amand, Armenti\u00e8res, Bailleul, Dunkerque, Lens&#8230;<\/em><\/p>\t\t\t\t\t\t<\/div>\n\t\t\t\t<\/div>\n\t\t\t\t\t<\/div>\n\t\t<\/div>\n\t\t\t\t<div class=\"elementor-column elementor-col-50 elementor-top-column elementor-element elementor-element-9885e78\" data-id=\"9885e78\" data-element_type=\"column\">\n\t\t\t<div class=\"elementor-widget-wrap elementor-element-populated\">\n\t\t\t\t\t\t\t\t<div class=\"elementor-element elementor-element-3d4e6df elementor-widget elementor-widget-image\" data-id=\"3d4e6df\" data-element_type=\"widget\" data-widget_type=\"image.default\">\n\t\t\t\t<div class=\"elementor-widget-container\">\n\t\t\t\t\t\t\t\t\t\t\t\t\t\t\t<img width=\"1024\" height=\"768\" src=\"https:\/\/red-tech.fr\/wp-content\/uploads\/2021\/02\/20210119_170307-1024x768.jpg\" class=\"attachment-large size-large wp-image-628\" alt=\"Camion d&#039;intervention \u00e9lectrique - Electricien Red Tech Nord Pas de Calais\" loading=\"lazy\" srcset=\"https:\/\/red-tech.fr\/wp-content\/uploads\/2021\/02\/20210119_170307-1024x768.jpg 1024w, https:\/\/red-tech.fr\/wp-content\/uploads\/2021\/02\/20210119_170307-300x225.jpg 300w, https:\/\/red-tech.fr\/wp-content\/uploads\/2021\/02\/20210119_170307-768x576.jpg 768w, https:\/\/red-tech.fr\/wp-content\/uploads\/2021\/02\/20210119_170307-1536x1152.jpg 1536w, https:\/\/red-tech.fr\/wp-content\/uploads\/2021\/02\/20210119_170307-2048x1536.jpg 2048w, https:\/\/red-tech.fr\/wp-content\/uploads\/2021\/02\/20210119_170307-scaled-e1614081896951.jpg 600w\" sizes=\"(max-width: 1024px) 100vw, 1024px\" \/>\t\t\t\t\t\t\t\t\t\t\t\t\t\t\t<\/div>\n\t\t\t\t<\/div>\n\t\t\t\t\t<\/div>\n\t\t<\/div>\n\t\t\t\t\t\t\t<\/div>\n\t\t<\/section>\n\t\t\t\t<section class=\"elementor-section elementor-top-section elementor-element elementor-element-75a3209 elementor-section-boxed elementor-section-height-default elementor-section-height-default\" data-id=\"75a3209\" data-element_type=\"section\" data-settings=\"{&quot;background_background&quot;:&quot;classic&quot;}\">\n\t\t\t\t\t\t<div class=\"elementor-container elementor-column-gap-default\">\n\t\t\t\t\t<div class=\"elementor-column elementor-col-50 elementor-top-column elementor-element elementor-element-8a74134\" data-id=\"8a74134\" data-element_type=\"column\">\n\t\t\t<div class=\"elementor-widget-wrap elementor-element-populated\">\n\t\t\t\t\t\t\t\t<div class=\"elementor-element elementor-element-e134d43 elementor-widget elementor-widget-heading\" data-id=\"e134d43\" data-element_type=\"widget\" data-widget_type=\"heading.default\">\n\t\t\t\t<div class=\"elementor-widget-container\">\n\t\t\t<h2 class=\"elementor-heading-title elementor-size-default\">Nos CERTIFICATIONS<\/h2>\t\t<\/div>\n\t\t\t\t<\/div>\n\t\t\t\t<div class=\"elementor-element elementor-element-9471b5f elementor-widget elementor-widget-text-editor\" data-id=\"9471b5f\" data-element_type=\"widget\" data-widget_type=\"text-editor.default\">\n\t\t\t\t<div class=\"elementor-widget-container\">\n\t\t\t\t\t\t\t<p><strong>QUALIFELEC<\/strong><\/p><p><strong>Qualification :<\/strong>\u00a0INSTALLATIONS \u00c9LECTRIQUES LOGEMENT COMMERCE PETIT TERTIAIRE (LCPT)<\/p><p><strong>Mention :<\/strong> Infrastructures de Recharge des V\u00e9hicules Electriques Formation Niveau 1<\/p>\t\t\t\t\t\t<\/div>\n\t\t\t\t<\/div>\n\t\t\t\t\t<\/div>\n\t\t<\/div>\n\t\t\t\t<div class=\"elementor-column elementor-col-50 elementor-top-column elementor-element elementor-element-97a523c\" data-id=\"97a523c\" data-element_type=\"column\">\n\t\t\t<div class=\"elementor-widget-wrap elementor-element-populated\">\n\t\t\t\t\t\t\t\t<div class=\"elementor-element elementor-element-8b3fb11 elementor-widget elementor-widget-image\" data-id=\"8b3fb11\" data-element_type=\"widget\" data-widget_type=\"image.default\">\n\t\t\t\t<div class=\"elementor-widget-container\">\n\t\t\t\t\t\t\t\t\t\t\t\t\t\t\t<img width=\"753\" height=\"312\" src=\"https:\/\/red-tech.fr\/wp-content\/uploads\/2022\/01\/qualifications-electricien.png\" class=\"attachment-large size-large wp-image-852\" alt=\"Certification Qualification Electricien RED TECH\" loading=\"lazy\" srcset=\"https:\/\/red-tech.fr\/wp-content\/uploads\/2022\/01\/qualifications-electricien.png 753w, https:\/\/red-tech.fr\/wp-content\/uploads\/2022\/01\/qualifications-electricien-300x124.png 300w\" sizes=\"(max-width: 753px) 100vw, 753px\" \/>\t\t\t\t\t\t\t\t\t\t\t\t\t\t\t<\/div>\n\t\t\t\t<\/div>\n\t\t\t\t\t<\/div>\n\t\t<\/div>\n\t\t\t\t\t\t\t<\/div>\n\t\t<\/section>\n\t\t\t\t\t\t\t<\/div>\n\t\t","protected":false},"excerpt":{"rendered":"<p>Notre soci\u00e9t\u00e9 Expertise &#8211; Pr\u00e9cision &#8211; Proximit\u00e9 RED TECH est une soci\u00e9t\u00e9 experte en \u00e9lectricit\u00e9. Nous sommes bas\u00e9s \u00e0 BACHY, aux portes de la m\u00e9tropole lilloise et au c\u0153ur des Hauts de France RED TECH, c&#8217;est avant tout une histoire entrepreunariale. Ces derni\u00e8res ann\u00e9es, j&#8217;ai pu participer \u00e0 des chantiers tr\u00e8s vari\u00e9s comme la construction &hellip;<\/p>\n<p class=\"read-more\"> <a class=\"\" href=\"https:\/\/red-tech.fr\/index.php\/about\/\"> <span class=\"screen-reader-text\">Notre soci\u00e9t\u00e9<\/span> Read More &raquo;<\/a><\/p>\n","protected":false},"author":1,"featured_media":0,"parent":0,"menu_order":0,"comment_status":"closed","ping_status":"closed","template":"","meta":[],"_links":{"self":[{"href":"https:\/\/red-tech.fr\/index.php\/wp-json\/wp\/v2\/pages\/31"}],"collection":[{"href":"https:\/\/red-tech.fr\/index.php\/wp-json\/wp\/v2\/pages"}],"about":[{"href":"https:\/\/red-tech.fr\/index.php\/wp-json\/wp\/v2\/types\/page"}],"author":[{"embeddable":true,"href":"https:\/\/red-tech.fr\/index.php\/wp-json\/wp\/v2\/users\/1"}],"replies":[{"embeddable":true,"href":"https:\/\/red-tech.fr\/index.php\/wp-json\/wp\/v2\/comments?post=31"}],"version-history":[{"count":49,"href":"https:\/\/red-tech.fr\/index.php\/wp-json\/wp\/v2\/pages\/31\/revisions"}],"predecessor-version":[{"id":855,"href":"https:\/\/red-tech.fr\/index.php\/wp-json\/wp\/v2\/pages\/31\/revisions\/855"}],"wp:attachment":[{"href":"https:\/\/red-tech.fr\/index.php\/wp-json\/wp\/v2\/media?parent=31"}],"curies":[{"name":"wp","href":"https:\/\/api.w.org\/{rel}","templated":true}]}}